{"id":15216,"date":"2022-03-31T17:55:35","date_gmt":"2022-03-31T15:55:35","guid":{"rendered":"https:\/\/moderneartfair.com\/?page_id=15216"},"modified":"2025-11-26T17:36:06","modified_gmt":"2025-11-26T16:36:06","slug":"contact","status":"publish","type":"page","link":"https:\/\/moderneartfair.com\/en\/contact\/","title":{"rendered":"Contact"},"content":{"rendered":"<p>[et_pb_section fb_built=&#8221;1&#8243; custom_padding_last_edited=&#8221;on|phone&#8221; module_class=&#8221;useful-information-section&#8221; _builder_version=&#8221;4.6.1&#8243; _module_preset=&#8221;default&#8221; min_height=&#8221;133px&#8221; custom_padding=&#8221;5px||60px||false|false&#8221; custom_padding_tablet=&#8221;&#8221; custom_padding_phone=&#8221;40px||40px||false|false&#8221;][\/et_pb_section][et_pb_section fb_built=&#8221;1&#8243; custom_padding_last_edited=&#8221;on|desktop&#8221; module_class=&#8221;team-section&#8221; _builder_version=&#8221;4.6.1&#8243; _module_preset=&#8221;default&#8221; background_enable_color=&#8221;off&#8221; background_image=&#8221;https:\/\/moderneartfair.com\/wp-content\/uploads\/2021\/05\/58926-scaled.jpg&#8221; background_size=&#8221;contain&#8221; custom_margin=&#8221;-145px|||||&#8221; custom_padding=&#8221;60px||60px||false|false&#8221; custom_padding_tablet=&#8221;&#8221; custom_padding_phone=&#8221;40px||40px||false|false&#8221;][et_pb_row admin_label=&#8221;Team Row&#8221; module_class=&#8221;team-row&#8221; _builder_version=&#8221;4.6.1&#8243; _module_preset=&#8221;default&#8221; custom_margin=&#8221;|auto|-49px|auto||&#8221; custom_padding=&#8221;0px||0px||false|false&#8221;][et_pb_column type=&#8221;4_4&#8243; _builder_version=&#8221;4.6.1&#8243; _module_preset=&#8221;default&#8221;][et_pb_blurb title=&#8221;Office&#8221; admin_label=&#8221; Office&#8221; _builder_version=&#8221;4.6.1&#8243; _module_preset=&#8221;default&#8221; header_text_color=&#8221;#000000&#8243; header_font_size=&#8221;18px&#8221; body_text_color=&#8221;#6C6B6B&#8221; body_font_size=&#8221;15px&#8221; min_height=&#8221;59px&#8221; custom_padding=&#8221;||0px|||&#8221; animation=&#8221;off&#8221; header_font_size_tablet=&#8221;&#8221; header_font_size_phone=&#8221;18px&#8221; header_font_size_last_edited=&#8221;on|phone&#8221;]<\/p>\n<p>Phone: +33 (0)6 50 78 00 88<\/p>\n<p><span style=\"font-size: small;\">\u00a0<a href=\"mailto:info@moderneartfair.com\">info@moderneartfair.com<\/a><\/span><\/p>\n<p>[\/et_pb_blurb][et_pb_blurb title=&#8221;Blaise Parinaud &#8221; admin_label=&#8221; Blaise&#8221; _builder_version=&#8221;4.6.1&#8243; _module_preset=&#8221;default&#8221; header_text_color=&#8221;#000000&#8243; header_font_size=&#8221;18px&#8221; body_text_color=&#8221;#6C6B6B&#8221; body_font_size=&#8221;15px&#8221; min_height=&#8221;59px&#8221; custom_padding=&#8221;||0px|||&#8221; animation=&#8221;off&#8221; header_font_size_tablet=&#8221;&#8221; header_font_size_phone=&#8221;18px&#8221; header_font_size_last_edited=&#8221;on|phone&#8221;]<\/p>\n<p>CEO<\/p>\n<p><span style=\"font-size: small;\">\u00a0<a href=\"mailto:bp@moderneartfair.com\">bp@moderneartfair.com<\/a><\/span><\/p>\n<p>[\/et_pb_blurb][et_pb_blurb title=&#8221;Isabelle Keit Parinaud&#8221; admin_label=&#8221;Isabelle&#8221; _builder_version=&#8221;4.6.1&#8243; _module_preset=&#8221;default&#8221; header_text_color=&#8221;#000000&#8243; header_font_size=&#8221;18px&#8221; body_text_color=&#8221;#6C6B6B&#8221; body_font_size=&#8221;15px&#8221; animation=&#8221;off&#8221; header_font_size_tablet=&#8221;&#8221; header_font_size_phone=&#8221;18px&#8221; header_font_size_last_edited=&#8221;on|phone&#8221;]<\/p>\n<p>Co-director<\/p>\n<p><span style=\"font-size: small;\">\u00a0<a href=\"mailto:isabelle.parinaud@moderneartfair.com\">isabelle.parinaud@moderneartfair.com<\/a><\/span><\/p>\n<p>[\/et_pb_blurb][et_pb_blurb title=&#8221;Adeline Keit&#8221; admin_label=&#8221;Adeline&#8221; _builder_version=&#8221;4.6.1&#8243; _module_preset=&#8221;default&#8221; header_text_color=&#8221;#000000&#8243; header_font_size=&#8221;18px&#8221; body_text_color=&#8221;#6C6B6B&#8221; body_font_size=&#8221;15px&#8221; custom_margin=&#8221;||50px|||&#8221; animation=&#8221;off&#8221; header_font_size_tablet=&#8221;&#8221; header_font_size_phone=&#8221;18px&#8221; header_font_size_last_edited=&#8221;on|phone&#8221;]<\/p>\n<p>Co-director &#038; Head of communication\u00a0<\/p>\n<p><span style=\"font-size: small;\"><a href=\"mailto:adeline.keit@moderneartfair.com\">adeline.keit@moderneartfair.com<\/a><\/span><\/p>\n<p>[\/et_pb_blurb][et_pb_blurb title=&#8221;Belen Aramburu&#8221; admin_label=&#8221;Belen&#8221; _builder_version=&#8221;4.6.1&#8243; _module_preset=&#8221;default&#8221; header_text_color=&#8221;#000000&#8243; header_font_size=&#8221;18px&#8221; body_text_color=&#8221;#6C6B6B&#8221; body_font_size=&#8221;15px&#8221; min_height=&#8221;59px&#8221; custom_padding=&#8221;||0px|||&#8221; animation=&#8221;off&#8221; header_font_size_tablet=&#8221;&#8221; header_font_size_phone=&#8221;18px&#8221; header_font_size_last_edited=&#8221;on|phone&#8221;]<\/p>\n<p>Exhibitor relations<\/p>\n<p><span style=\"font-size: small;\"><a href=\"mailto:juliette.marie@moderneartfair.com\">info@moderneartfair.com<\/a><\/span><\/p>\n<p>[\/et_pb_blurb][et_pb_blurb title=&#8221;Laetitia YOULOU&#8221; admin_label=&#8221; Laetitia&#8221; _builder_version=&#8221;4.6.1&#8243; _module_preset=&#8221;default&#8221; header_text_color=&#8221;#000000&#8243; header_font_size=&#8221;18px&#8221; body_text_color=&#8221;#6C6B6B&#8221; body_font_size=&#8221;15px&#8221; min_height=&#8221;59px&#8221; custom_padding=&#8221;||0px|||&#8221; animation=&#8221;off&#8221; header_font_size_tablet=&#8221;&#8221; header_font_size_phone=&#8221;18px&#8221; header_font_size_last_edited=&#8221;on|phone&#8221;]<\/p>\n<p>Communications and Coordination Manager<\/p>\n<p><a href=\"mailto:info@moderneartfair.com\"><span style=\"font-size: small;\">info@moderneartfair.com<\/span><\/a><\/p>\n<p>[\/et_pb_blurb][et_pb_blurb title=&#8221;St\u00e9phane Cavalli\u00e9&#8221; admin_label=&#8221; St\u00e9phane&#8221; _builder_version=&#8221;4.6.1&#8243; _module_preset=&#8221;default&#8221; header_text_color=&#8221;#000000&#8243; header_font_size=&#8221;18px&#8221; body_text_color=&#8221;#6C6B6B&#8221; body_font_size=&#8221;15px&#8221; min_height=&#8221;59px&#8221; custom_padding=&#8221;||0px|||&#8221; animation=&#8221;off&#8221; header_font_size_tablet=&#8221;&#8221; header_font_size_phone=&#8221;18px&#8221; header_font_size_last_edited=&#8221;on|phone&#8221;]<\/p>\n<p>Operations manager<\/p>\n<p><a href=\"mailto:info@moderneartfair.com\"><span style=\"font-size: small;\">info@moderneartfair.com<\/span><\/a><\/p>\n<p>[\/et_pb_blurb][\/et_pb_column][\/et_pb_row][\/et_pb_section]<\/p>\n","protected":false},"excerpt":{"rendered":"<p>[et_pb_section fb_built=&#8221;1&#8243; custom_padding_last_edited=&#8221;on|phone&#8221; module_class=&#8221;useful-information-section&#8221; _builder_version=&#8221;4.6.1&#8243; _module_preset=&#8221;default&#8221; min_height=&#8221;133px&#8221; custom_padding=&#8221;5px||60px||false|false&#8221; custom_padding_tablet=&#8221;&#8221; custom_padding_phone=&#8221;40px||40px||false|false&#8221;][\/et_pb_section][et_pb_section fb_built=&#8221;1&#8243; custom_padding_last_edited=&#8221;on|desktop&#8221; module_class=&#8221;team-section&#8221; _builder_version=&#8221;4.6.1&#8243; _module_preset=&#8221;default&#8221; background_enable_color=&#8221;off&#8221; background_image=&#8221;https:\/\/moderneartfair.com\/wp-content\/uploads\/2021\/05\/58926-scaled.jpg&#8221; background_size=&#8221;contain&#8221; custom_margin=&#8221;-145px|||||&#8221; custom_padding=&#8221;60px||60px||false|false&#8221; custom_padding_tablet=&#8221;&#8221; custom_padding_phone=&#8221;40px||40px||false|false&#8221;][et_pb_row admin_label=&#8221;Team Row&#8221; module_class=&#8221;team-row&#8221; _builder_version=&#8221;4.6.1&#8243; _module_preset=&#8221;default&#8221; custom_margin=&#8221;|auto|-49px|auto||&#8221; custom_padding=&#8221;0px||0px||false|false&#8221;][et_pb_column type=&#8221;4_4&#8243; _builder_version=&#8221;4.6.1&#8243; _module_preset=&#8221;default&#8221;][et_pb_blurb title=&#8221;Office&#8221; admin_label=&#8221; Office&#8221; _builder_version=&#8221;4.6.1&#8243; _module_preset=&#8221;default&#8221; header_text_color=&#8221;#000000&#8243; header_font_size=&#8221;18px&#8221; body_text_color=&#8221;#6C6B6B&#8221; body_font_size=&#8221;15px&#8221; min_height=&#8221;59px&#8221; custom_padding=&#8221;||0px|||&#8221; animation=&#8221;off&#8221; header_font_size_tablet=&#8221;&#8221; header_font_size_phone=&#8221;18px&#8221; header_font_size_last_edited=&#8221;on|phone&#8221;] Phone: +33 (0)6 50 78 00 88 \u00a0info@moderneartfair.com [&hellip;]<\/p>\n","protected":false},"author":7,"featured_media":0,"parent":0,"menu_order":0,"comment_status":"closed","ping_status":"closed","template":"","meta":{"_acf_changed":false,"_et_pb_use_builder":"on","_et_pb_old_content":"","_et_gb_content_width":"","footnotes":""},"class_list":["post-15216","page","type-page","status-publish","hentry"],"acf":[],"aioseo_notices":[],"_links":{"self":[{"href":"https:\/\/moderneartfair.com\/en\/wp-json\/wp\/v2\/pages\/15216","targetHints":{"allow":["GET"]}}],"collection":[{"href":"https:\/\/moderneartfair.com\/en\/wp-json\/wp\/v2\/pages"}],"about":[{"href":"https:\/\/moderneartfair.com\/en\/wp-json\/wp\/v2\/types\/page"}],"author":[{"embeddable":true,"href":"https:\/\/moderneartfair.com\/en\/wp-json\/wp\/v2\/users\/7"}],"replies":[{"embeddable":true,"href":"https:\/\/moderneartfair.com\/en\/wp-json\/wp\/v2\/comments?post=15216"}],"version-history":[{"count":17,"href":"https:\/\/moderneartfair.com\/en\/wp-json\/wp\/v2\/pages\/15216\/revisions"}],"predecessor-version":[{"id":27954,"href":"https:\/\/moderneartfair.com\/en\/wp-json\/wp\/v2\/pages\/15216\/revisions\/27954"}],"wp:attachment":[{"href":"https:\/\/moderneartfair.com\/en\/wp-json\/wp\/v2\/media?parent=15216"}],"curies":[{"name":"wp","href":"https:\/\/api.w.org\/{rel}","templated":true}]}}