{"id":21028,"date":"2023-10-03T11:00:55","date_gmt":"2023-10-03T09:00:55","guid":{"rendered":"https:\/\/moderneartfair.com\/?page_id=21028"},"modified":"2023-10-03T11:00:55","modified_gmt":"2023-10-03T09:00:55","slug":"legal-information","status":"publish","type":"page","link":"https:\/\/moderneartfair.com\/en\/legal-information\/","title":{"rendered":"Legal information"},"content":{"rendered":"<p>ABELIS<\/p>\n<p>Company name: SAS ABELIS<\/p>\n<p>Legal form of company: Soci\u00e9t\u00e9 par action simplifi\u00e9e (simplified joint stock company)<\/p>\n<p>R.C.S. NUMBER: 894 845 338<\/p>\n<p>Tax identification number: 894845338<\/p>\n<p>Registered office: 128 rue de la Bo\u00e9tie, 75008 PARIS<\/p>\n<p>Share capital: 1,000 euros<\/p>\n<p>Chairman : Blaise PARINAUD<\/p>\n<p>Telephone: 06 50 78 00 88<\/p>\n<p>Mail: info@moderneartfair.com<\/p>\n<p>&nbsp;<\/p>\n<p>The European Commission provides an online dispute resolution platform (OS). This platform is available at http:\/\/ec.europa.eu\/consumers\/odr\/. As a customer, you always have the option of contacting the European Commission&#8217;s arbitration board. We are neither willing nor obliged to participate in a dispute resolution procedure before a consumer arbitration board.<\/p>\n","protected":false},"excerpt":{"rendered":"<p>ABELIS Company name: SAS ABELIS Legal form of company: Soci\u00e9t\u00e9 par action simplifi\u00e9e (simplified joint stock company) R.C.S. NUMBER: 894 845 338 Tax identification number: 894845338 Registered office: 128 rue de la Bo\u00e9tie, 75008 PARIS Share capital: 1,000 euros Chairman : Blaise PARINAUD Telephone: 06 50 78 00 88 Mail: info@moderneartfair.com &nbsp; The European Commission [&hellip;]<\/p>\n","protected":false},"author":7,"featured_media":0,"parent":0,"menu_order":0,"comment_status":"closed","ping_status":"closed","template":"","meta":{"_acf_changed":false,"_et_pb_use_builder":"","_et_pb_old_content":"","_et_gb_content_width":"","footnotes":""},"class_list":["post-21028","page","type-page","status-publish","hentry"],"acf":[],"aioseo_notices":[],"_links":{"self":[{"href":"https:\/\/moderneartfair.com\/en\/wp-json\/wp\/v2\/pages\/21028","targetHints":{"allow":["GET"]}}],"collection":[{"href":"https:\/\/moderneartfair.com\/en\/wp-json\/wp\/v2\/pages"}],"about":[{"href":"https:\/\/moderneartfair.com\/en\/wp-json\/wp\/v2\/types\/page"}],"author":[{"embeddable":true,"href":"https:\/\/moderneartfair.com\/en\/wp-json\/wp\/v2\/users\/7"}],"replies":[{"embeddable":true,"href":"https:\/\/moderneartfair.com\/en\/wp-json\/wp\/v2\/comments?post=21028"}],"version-history":[{"count":1,"href":"https:\/\/moderneartfair.com\/en\/wp-json\/wp\/v2\/pages\/21028\/revisions"}],"predecessor-version":[{"id":21029,"href":"https:\/\/moderneartfair.com\/en\/wp-json\/wp\/v2\/pages\/21028\/revisions\/21029"}],"wp:attachment":[{"href":"https:\/\/moderneartfair.com\/en\/wp-json\/wp\/v2\/media?parent=21028"}],"curies":[{"name":"wp","href":"https:\/\/api.w.org\/{rel}","templated":true}]}}