{"id":2147,"date":"2020-09-29T20:31:42","date_gmt":"2020-09-29T18:31:42","guid":{"rendered":"https:\/\/moderneartfair.com\/register\/"},"modified":"2021-07-05T09:09:27","modified_gmt":"2021-07-05T07:09:27","slug":"register","status":"publish","type":"page","link":"https:\/\/moderneartfair.com\/en\/register\/","title":{"rendered":"Register"},"content":{"rendered":"<p>[et_pb_section fb_built=&#8221;1&#8243; _builder_version=&#8221;3.22&#8243;][et_pb_row _builder_version=&#8221;3.25&#8243; background_size=&#8221;initial&#8221; background_position=&#8221;top_left&#8221; background_repeat=&#8221;repeat&#8221;][et_pb_column type=&#8221;4_4&#8243; _builder_version=&#8221;3.25&#8243; custom_padding=&#8221;|||&#8221; custom_padding__hover=&#8221;|||&#8221;][et_pb_code _builder_version=&#8221;4.6.1&#8243; _module_preset=&#8221;default&#8221; hover_enabled=&#8221;0&#8243; sticky_enabled=&#8221;0&#8243;]<\/p>\n<form class=\"account-form-wrapper\" name=\"register_form\"><!-- [et_pb_line_break_holder] -->    <\/p>\n<h3>Request User ID<\/h3>\n<p><!-- [et_pb_line_break_holder] --><!-- [et_pb_line_break_holder] -->    <\/p>\n<div class=\"left-wrapper\">        <!-- [et_pb_line_break_holder] -->        <\/p>\n<div class=\"field\"><!-- [et_pb_line_break_holder] -->            <label>Gallery name<\/label><!-- [et_pb_line_break_holder] -->            <input class=\"input error111\" name=\"gallery_name\" id=\"gallery_name\" type=\"text\" value=\"\" \/><!-- [et_pb_line_break_holder] -->        <\/div>\n<p><!-- [et_pb_line_break_holder] --><!-- [et_pb_line_break_holder] -->        <\/p>\n<div class=\"field\"><!-- [et_pb_line_break_holder] -->            <label>Letter to use for alphabetical order<\/label><!-- [et_pb_line_break_holder] -->            <select class=\"input\" name=\"alphabetic_sort\" id=\"alphabetic_sort\"><!-- [et_pb_line_break_holder] --><option value=\"\">Choose&#8230;<\/option><!-- [et_pb_line_break_holder] -->            <option value=\"#\">#<\/option><option value=\"A\">A<\/option><option value=\"B\">B<\/option><option value=\"C\">C<\/option><option value=\"D\">D<\/option><option value=\"E\">E<\/option><option value=\"F\">F<\/option><option value=\"G\">G<\/option><option value=\"H\">H<\/option><option value=\"I\">I<\/option><option value=\"J\">J<\/option><option value=\"K\">K<\/option><option value=\"L\">L<\/option><option value=\"M\">M<\/option><option value=\"N\">N<\/option><option value=\"O\">O<\/option><option value=\"P\">P<\/option><option value=\"Q\">Q<\/option><option value=\"R\">R<\/option><option value=\"S\">S<\/option><option value=\"T\">T<\/option><option value=\"U\">U<\/option><option value=\"V\">V<\/option><option value=\"W\">W<\/option><option value=\"X\">X<\/option><option value=\"Y\">Y<\/option><option value=\"Z\">Z<\/option><!-- [et_pb_line_break_holder] -->            <\/select><!-- [et_pb_line_break_holder] -->        <\/div>\n<p><!-- [et_pb_line_break_holder] --><!-- [et_pb_line_break_holder] -->        <\/p>\n<div class=\"field\"><!-- [et_pb_line_break_holder] -->            <label>E-mail<\/label><!-- [et_pb_line_break_holder] -->            <input class=\"input\" name=\"user_email\" id=\"user_email\" type=\"email\" value=\"\" \/><!-- [et_pb_line_break_holder] -->        <\/div>\n<p><!-- [et_pb_line_break_holder] --><!-- [et_pb_line_break_holder] -->        <\/p>\n<div class=\"field\"><!-- [et_pb_line_break_holder] -->            <label>Password<\/label><!-- [et_pb_line_break_holder] -->            <input class=\"input\" name=\"user_password\" id=\"user_password\" type=\"password\" value=\"\" \/><!-- [et_pb_line_break_holder] -->        <\/div>\n<p><!-- [et_pb_line_break_holder] --><!-- [et_pb_line_break_holder] -->        <\/p>\n<div class=\"field\"><!-- [et_pb_line_break_holder] -->            <label>Section<\/label><!-- [et_pb_line_break_holder] -->            <select class=\"js-example-basic-single\" multiple=\"multiple\" name=\"section_sort[]\" id=\"section_sort\"><!-- [et_pb_line_break_holder] -->            <option value=\"1\">Modern Art<\/option><option value=\"2\">Contemporary Art<\/option><option value=\"3\">Design<\/option><!-- [et_pb_line_break_holder] -->            <\/select><!-- [et_pb_line_break_holder] -->        <\/div>\n<p><!-- [et_pb_line_break_holder] -->    <\/div>\n<p><!-- [et_pb_line_break_holder] --><!-- [et_pb_line_break_holder] -->    <\/p>\n<div class=\"button-wrapper\"><!-- [et_pb_line_break_holder] -->        <a class=\"button submit_register_form\" href=\"#\">Send the file<\/a><!-- [et_pb_line_break_holder] -->    <\/div>\n<p><!-- [et_pb_line_break_holder] --><!-- [et_pb_line_break_holder] -->    <\/p>\n<div class=\"apply-wrapper\"><!-- [et_pb_line_break_holder] -->        <\/p>\n<div class=\"inner\"><!-- [et_pb_line_break_holder] -->            Are you already an exhibitor ? <a class=\"arrow-link\" href=\"\/en\/login\">Log in<\/a><!-- [et_pb_line_break_holder] -->        <\/div>\n<p><!-- [et_pb_line_break_holder] -->    <\/div>\n<p><!-- [et_pb_line_break_holder] --><!-- [et_pb_line_break_holder] --><\/form>\n<p>[\/et_pb_code][\/et_pb_column][\/et_pb_row][\/et_pb_section]<\/p>\n","protected":false},"excerpt":{"rendered":"<p>[et_pb_section fb_built=&#8221;1&#8243; _builder_version=&#8221;3.22&#8243;][et_pb_row _builder_version=&#8221;3.25&#8243; background_size=&#8221;initial&#8221; background_position=&#8221;top_left&#8221; background_repeat=&#8221;repeat&#8221;][et_pb_column type=&#8221;4_4&#8243; _builder_version=&#8221;3.25&#8243; custom_padding=&#8221;|||&#8221; custom_padding__hover=&#8221;|||&#8221;][et_pb_code _builder_version=&#8221;4.6.1&#8243; _module_preset=&#8221;default&#8221; hover_enabled=&#8221;0&#8243; sticky_enabled=&#8221;0&#8243;] Request User ID Gallery name Letter to use for alphabetical order Choose&#8230; E-mail Password Section Send the file Are you already an exhibitor ? Log in [\/et_pb_code][\/et_pb_column][\/et_pb_row][\/et_pb_section]<\/p>\n","protected":false},"author":1,"featured_media":2148,"parent":0,"menu_order":0,"comment_status":"closed","ping_status":"closed","template":"register.php","meta":{"_acf_changed":false,"_et_pb_use_builder":"on","_et_pb_old_content":"<form class=\"account-form-wrapper\">\r\n<h3>Devenir <strong>Exposant<\/strong><\/h3>\r\n\r\n<div class=\"left-wrapper\">\r\n<h6>\u00c0 propos de la galerie<\/h6>\r\n\r\n<div class=\"field\">\r\n<label>Nom de la galerie<\/label>\r\n<input class=\"input error111\" type=\"text\" value=\"\" \/>\r\n<\/div>\r\n\r\n<div class=\"field\">\r\n<label>Lettre \u00e0 utiliser pour ordre alphab\u00e9tique<\/label>\r\n<select class=\"input\">\r\n<option>A-Z<\/option>\r\n<option>A-A<\/option>\r\n<option>B-B<\/option>\r\n<option>C-C<\/option>\r\n<\/select>\r\n<\/div>\r\n\r\n<div class=\"field\">\r\n<label>Section<\/label>\r\n<select class=\"input\">\r\n<option>Art<\/option>\r\n<option>Art 1<\/option>\r\n<option>Art 2<\/option>\r\n<option>Art 3<\/option>\r\n<\/select>\r\n<\/div>\r\n\r\n<div class=\"field\">\r\n<label>Ville<\/label>\r\n<input class=\"input\" type=\"text\" value=\"\" \/>\r\n<\/div>\r\n\r\n<div class=\"field\">\r\n<label>Site Web<\/label>\r\n<input class=\"input\" type=\"text\" value=\"\" \/>\r\n<\/div>\r\n\r\n<\/div>\r\n\r\n<div class=\"right-wrapper\">\r\n<h6>Contact<\/h6>\r\n\r\n<div class=\"field\">\r\n<label>Civilit\u00e9<\/label>\r\n<select class=\"input\">\r\n<option>Madame<\/option>\r\n<option>Madame<\/option>\r\n<\/select>\r\n<\/div>\r\n\r\n<div class=\"field\">\r\n<label>Nom \/ Pr\u00e9nom<\/label>\r\n<input class=\"input\" type=\"text\" value=\"\" \/>\r\n<\/div>\r\n\r\n<div class=\"field\">\r\n<label>Fonction<\/label>\r\n<select class=\"input\">\r\n<option>Choisissez...<\/option>\r\n<option>Choisissez 1<\/option>\r\n<option>Choisissez 2<\/option>\r\n<\/select>\r\n<\/div>\r\n\r\n<div class=\"field\">\r\n<label>T\u00e9l\u00e9phone<\/label>\r\n<input class=\"input\" type=\"text\" value=\"\" \/>\r\n<\/div>\r\n\r\n<div class=\"field\">\r\n<label>E-mail<\/label>\r\n<input class=\"input\" type=\"email\" value=\"\" \/>\r\n<\/div>\r\n\r\n<\/div>\r\n\r\n<div class=\"button-wrapper\">\r\n<a class=\"button\" href=\"#\">Envoyer le dossier<\/a>\r\n<\/div>\r\n\r\n<div class=\"apply-wrapper\">\r\n<div class=\"inner\">\r\nVous \u00eates d\u00e9j\u00e0 exposant ? <a class=\"arrow-link\" href=\"#\">Connectez-vous<\/a>\r\n<\/div>\r\n<\/div>\r\n\r\n<\/form>","_et_gb_content_width":"","footnotes":""},"class_list":["post-2147","page","type-page","status-publish","has-post-thumbnail","hentry"],"acf":[],"aioseo_notices":[],"_links":{"self":[{"href":"https:\/\/moderneartfair.com\/en\/wp-json\/wp\/v2\/pages\/2147","targetHints":{"allow":["GET"]}}],"collection":[{"href":"https:\/\/moderneartfair.com\/en\/wp-json\/wp\/v2\/pages"}],"about":[{"href":"https:\/\/moderneartfair.com\/en\/wp-json\/wp\/v2\/types\/page"}],"author":[{"embeddable":true,"href":"https:\/\/moderneartfair.com\/en\/wp-json\/wp\/v2\/users\/1"}],"replies":[{"embeddable":true,"href":"https:\/\/moderneartfair.com\/en\/wp-json\/wp\/v2\/comments?post=2147"}],"version-history":[{"count":5,"href":"https:\/\/moderneartfair.com\/en\/wp-json\/wp\/v2\/pages\/2147\/revisions"}],"predecessor-version":[{"id":3215,"href":"https:\/\/moderneartfair.com\/en\/wp-json\/wp\/v2\/pages\/2147\/revisions\/3215"}],"wp:featuredmedia":[{"embeddable":true,"href":"https:\/\/moderneartfair.com\/en\/wp-json\/wp\/v2\/media\/2148"}],"wp:attachment":[{"href":"https:\/\/moderneartfair.com\/en\/wp-json\/wp\/v2\/media?parent=2147"}],"curies":[{"name":"wp","href":"https:\/\/api.w.org\/{rel}","templated":true}]}}